{"id":1541,"date":"2024-05-23T12:12:04","date_gmt":"2024-05-23T12:12:04","guid":{"rendered":"https:\/\/andreasilvan.com\/?page_id=1541"},"modified":"2024-11-07T09:36:05","modified_gmt":"2024-11-07T09:36:05","slug":"portfolio-embarazo","status":"publish","type":"page","link":"https:\/\/andreasilvan.com\/ca\/portfolio-embarazo\/","title":{"rendered":"Embarassos"},"content":{"rendered":"<div data-elementor-type=\"wp-page\" data-elementor-id=\"1541\" class=\"elementor elementor-1541\">\n\t\t\t\t\t\t<section class=\"elementor-section elementor-top-section elementor-element elementor-element-54eaff1a elementor-section-full_width elementor-section-height-default elementor-section-height-default\" data-id=\"54eaff1a\" data-element_type=\"section\">\n\t\t\t\t\t\t<div class=\"elementor-container elementor-column-gap-no\">\n\t\t\t\t\t<div class=\"elementor-column elementor-col-100 elementor-top-column elementor-element elementor-element-26072203\" data-id=\"26072203\" data-element_type=\"column\">\n\t\t\t<div class=\"elementor-widget-wrap elementor-element-populated\">\n\t\t\t\t\t\t<div class=\"elementor-element elementor-element-194fd7b8 elementor-widget elementor-widget-florya-banner-image\" data-id=\"194fd7b8\" data-element_type=\"widget\" data-widget_type=\"florya-banner-image.default\">\n\t\t\t\t<div class=\"elementor-widget-container\">\n\t\t\t\t\n\t<header class=\"header\">\n\t\n\t<!-- Header Banner -->\n    \t<div class=\"banner-header section-padding valign bg-img bg-img-d bg-fixed\" data-overlay-dark=\"3\" data-background=\"https:\/\/andreasilvan.com\/wp-content\/uploads\/2024\/05\/Embarazo-Virginia-i-Juan-50.jpg\">\n\t        \t\t\t\t<div class=\"container\">\n            <div class=\"row\">\n                <div class=\"col-md-5 slider-text js-fullheight\">\n                    <div class=\"slider-text-inner\">\n                        <div class=\"desc text-left\">\n                            \t\t\t\t\t\t\t\t<h4 class=\"fl-slider-title1-class\">Andrea silvan<\/h4>\n\t\t\t\t\t\t\t                            \t\t\t\t\t\t\t\t<h1 class=\"fl-slider-title2-class\">Portfolio sesiones<\/h1>\n\t\t\t\t\t\t\t                            \t\t\t\t\t\t\t\t<p>Capturant moments plens d'amor que perduren tota una vida. <\/p>\n\t\t\t\t\t\t\t                        <\/div>\n                    <\/div>\n                <\/div>\n            <\/div>\n        <\/div>\n\t\t\t\t\t\t\t\t<!-- arrow down -->\n        <div class=\"arrow bounce text-center\">\n            <a href=\"#portfolio\"  class=\"\"> <i class=\"ti-arrow-down\"><\/i> <\/a>\n        <\/div>\n\t\t        \n    <\/div>\t\n\t\n\t<\/header>\n\t\n\n    \t\t<\/div>\n\t\t\t\t<\/div>\n\t\t\t\t\t<\/div>\n\t\t<\/div>\n\t\t\t\t\t<\/div>\n\t\t<\/section>\n\t\t\t\t<section class=\"elementor-section elementor-top-section elementor-element elementor-element-3e3557db elementor-section-boxed elementor-section-height-default elementor-section-height-default\" data-id=\"3e3557db\" data-element_type=\"section\" id=\"portfolio\">\n\t\t\t\t\t\t<div class=\"elementor-container elementor-column-gap-default\">\n\t\t\t\t\t<div class=\"elementor-column elementor-col-100 elementor-top-column elementor-element elementor-element-4f3cf5ff\" data-id=\"4f3cf5ff\" data-element_type=\"column\">\n\t\t\t<div class=\"elementor-widget-wrap elementor-element-populated\">\n\t\t\t\t\t\t<div class=\"elementor-section elementor-inner-section elementor-element elementor-element-1ce2146a elementor-section-boxed elementor-section-height-default elementor-section-height-default\" data-id=\"1ce2146a\" data-element_type=\"section\">\n\t\t\t\t\t\t<div class=\"elementor-container elementor-column-gap-default\">\n\t\t\t\t\t<div class=\"elementor-column elementor-col-100 elementor-inner-column elementor-element elementor-element-77f6346\" data-id=\"77f6346\" data-element_type=\"column\">\n\t\t\t<div class=\"elementor-widget-wrap\">\n\t\t\t\t\t\t\t<\/div>\n\t\t<\/div>\n\t\t\t\t\t<\/div>\n\t\t<\/div>\n\t\t\t\t<div class=\"elementor-section elementor-inner-section elementor-element elementor-element-68ee9f5 elementor-section-boxed elementor-section-height-default elementor-section-height-default\" data-id=\"68ee9f5\" data-element_type=\"section\">\n\t\t\t\t\t\t<div class=\"elementor-container elementor-column-gap-no\">\n\t\t\t\t\t<div class=\"elementor-column elementor-col-100 elementor-inner-column elementor-element elementor-element-60cc0512\" data-id=\"60cc0512\" data-element_type=\"column\">\n\t\t\t<div class=\"elementor-widget-wrap elementor-element-populated\">\n\t\t\t\t\t\t<div class=\"elementor-element elementor-element-1f887625 elementor-widget elementor-widget-florya-portfolio-grid\" data-id=\"1f887625\" data-element_type=\"widget\" data-widget_type=\"florya-portfolio-grid.default\">\n\t\t\t\t<div class=\"elementor-widget-container\">\n\t\t\t\n\t\t<div class=\"sec-portfolio portfolio\"> \n\t\t\t<div class=\"container\">\n\t\t        \t\t\t\t<div class=\"container-after\">\n\t\t\t\t<div class=\"row loadmore-wrapper\" data-load-item=\"12\" data-button-text=\"Load More\">\t\n\t\t\t\t\t\t\t\t\t\n\t\t\t\t\t<div class=\"col-md-4 isotope-item embarazo\">\n\t\t\t\t\t\t<div class=\"square-flip\">\n\t\t\t\t\t\t\t\t\t\t\t\t\t\t<a href=\"https:\/\/andreasilvan.com\/ca\/portfolio\/embarazo-virginia\/\">\n\t\t\t\t\t\t\t\t\t\t\t\t\t\t\t<div class=\"square bg-img\" data-background=\"https:\/\/andreasilvan.com\/wp-content\/uploads\/2024\/05\/Embarazo-Virginia-i-Juan.jpg\">\n\t\t\t\t\t\t\t\t\t<div class=\"square-container d-flex align-items-end justify-content-end\">\n\t\t\t\t\t\t\t\t\t\t<div class=\"box-title\">\t\t\t\t\t\t\n\t\t\t\t\t\t\t\t\t\t\t<h4>V & J<\/h4>\n\t\t\t\t\t\t\t\t\t\t\t<h6><span class=\"cat-divider\">Embar\u00e0s  <\/span><\/h6>\n\t\t\t\t\t\t\t\t\t\t<\/div>\n\t\t\t\t\t\t\t\t\t<\/div>\t\t\t\t\t\t\n\t\t\t\t\t\t\t\t\t<div class=\"flip-overlay\"><\/div>\n\t\t\t\t\t\t\t\t<\/div>\t\n\t\t\t\t\t\t\t\t<div class=\"square2 bg-green\">\n\t\t\t\t\t\t\t\t\t<div class=\"square-container2\">\n\t\t\t\t\t\t\t\t\t\t<h4>Embarazo Virginia & Juan<\/h4>\t\t\t\t\t\t\t\t\t\t\n\t\t\t\t\t\t\t\t\t\t<p><\/p>\t\t\t\t\t\t\t\t\t\t\n\t\t\t\t\t\t\t\t\t\t\t\t\t\t\t\t\t\n\t\t\t\t\t\t\t\t\t\t<div class=\"btn-line\">\n\t\t\t\t\t\t\t\t\t\t\t<a href=\"https:\/\/andreasilvan.com\/ca\/portfolio\/embarazo-virginia\/\">Ver m\u00e1s<\/a>\n\t\t\t\t\t\t\t\t\t\t<\/div>\n\t\t\t\t\t\t\t\t\t\t\t\t\t\t\t\t\t\t\t<\/div>\n\t\t\t\t\t\t\t\t<\/div>\t\n\t\t\t\t\t\t\t\t\t\t\t\t\t\t<\/a>\n\t\t\t\t\t\t\t\t\t\t\t\t\t\t\t\t\t\t\n\t\t\t\t\t\t<\/div>\t\t\t\t\t\t\t\t\t\t\t\n\t\t\t\t\t<\/div>\n\t\t\t\t\n\t\t\t\t\t\t\t\t\t\n\t\t\t\t\t<div class=\"col-md-4 isotope-item embarazo\">\n\t\t\t\t\t\t<div class=\"square-flip\">\n\t\t\t\t\t\t\t\t\t\t\t\t\t\t<a href=\"https:\/\/andreasilvan.com\/ca\/portfolio\/embarazo-alba\/\">\n\t\t\t\t\t\t\t\t\t\t\t\t\t\t\t<div class=\"square bg-img\" data-background=\"https:\/\/andreasilvan.com\/wp-content\/uploads\/2024\/05\/Embarazo-Alba-y-Raul-30.jpg\">\n\t\t\t\t\t\t\t\t\t<div class=\"square-container d-flex align-items-end justify-content-end\">\n\t\t\t\t\t\t\t\t\t\t<div class=\"box-title\">\t\t\t\t\t\t\n\t\t\t\t\t\t\t\t\t\t\t<h4>A & R<\/h4>\n\t\t\t\t\t\t\t\t\t\t\t<h6><span class=\"cat-divider\">Embar\u00e0s  <\/span><\/h6>\n\t\t\t\t\t\t\t\t\t\t<\/div>\n\t\t\t\t\t\t\t\t\t<\/div>\t\t\t\t\t\t\n\t\t\t\t\t\t\t\t\t<div class=\"flip-overlay\"><\/div>\n\t\t\t\t\t\t\t\t<\/div>\t\n\t\t\t\t\t\t\t\t<div class=\"square2 bg-green\">\n\t\t\t\t\t\t\t\t\t<div class=\"square-container2\">\n\t\t\t\t\t\t\t\t\t\t<h4>Embarazo Alba & Ra\u00fal<\/h4>\t\t\t\t\t\t\t\t\t\t\n\t\t\t\t\t\t\t\t\t\t<p>A &#038; R Pregnancy Embarazo Alba &#038; Ra\u00fal I &#038; D Llerona Ingrid &#038; David A&#038;N&hellip;<\/p>\t\t\t\t\t\t\t\t\t\t\n\t\t\t\t\t\t\t\t\t\t\t\t\t\t\t\t\t\n\t\t\t\t\t\t\t\t\t\t<div class=\"btn-line\">\n\t\t\t\t\t\t\t\t\t\t\t<a href=\"https:\/\/andreasilvan.com\/ca\/portfolio\/embarazo-alba\/\">Ver m\u00e1s<\/a>\n\t\t\t\t\t\t\t\t\t\t<\/div>\n\t\t\t\t\t\t\t\t\t\t\t\t\t\t\t\t\t\t\t<\/div>\n\t\t\t\t\t\t\t\t<\/div>\t\n\t\t\t\t\t\t\t\t\t\t\t\t\t\t<\/a>\n\t\t\t\t\t\t\t\t\t\t\t\t\t\t\t\t\t\t\n\t\t\t\t\t\t<\/div>\t\t\t\t\t\t\t\t\t\t\t\n\t\t\t\t\t<\/div>\n\t\t\t\t\n\t\t\t\t\t\t\t\t\t\n\t\t        <\/div> \n\t\t        <\/div> \n\t\t    <\/div> \t\t\t\n\t\t<\/div>\n\t\t\n        \t\t<\/div>\n\t\t\t\t<\/div>\n\t\t\t\t\t<\/div>\n\t\t<\/div>\n\t\t\t\t\t<\/div>\n\t\t<\/div>\n\t\t\t\t\t<\/div>\n\t\t<\/div>\n\t\t\t\t\t<\/div>\n\t\t<\/section>\n\t\t\t\t<section class=\"elementor-section elementor-top-section elementor-element elementor-element-7d3e64df elementor-section-boxed elementor-section-height-default elementor-section-height-default\" data-id=\"7d3e64df\" data-element_type=\"section\" data-settings=\"{&quot;background_background&quot;:&quot;classic&quot;}\">\n\t\t\t\t\t\t\t<div class=\"elementor-background-overlay\"><\/div>\n\t\t\t\t\t\t\t<div class=\"elementor-container elementor-column-gap-default\">\n\t\t\t\t\t<div class=\"elementor-column elementor-col-100 elementor-top-column elementor-element elementor-element-3cdc26a9\" data-id=\"3cdc26a9\" data-element_type=\"column\">\n\t\t\t<div class=\"elementor-widget-wrap elementor-element-populated\">\n\t\t\t\t\t\t<div class=\"elementor-section elementor-inner-section elementor-element elementor-element-1ae9979 elementor-section-boxed elementor-section-height-default elementor-section-height-default\" data-id=\"1ae9979\" data-element_type=\"section\">\n\t\t\t\t\t\t<div class=\"elementor-container elementor-column-gap-default\">\n\t\t\t\t\t<div class=\"elementor-column elementor-col-33 elementor-inner-column elementor-element elementor-element-66dad028\" data-id=\"66dad028\" data-element_type=\"column\">\n\t\t\t<div class=\"elementor-widget-wrap\">\n\t\t\t\t\t\t\t<\/div>\n\t\t<\/div>\n\t\t\t\t<div class=\"elementor-column elementor-col-33 elementor-inner-column elementor-element elementor-element-345f4d14\" data-id=\"345f4d14\" data-element_type=\"column\">\n\t\t\t<div class=\"elementor-widget-wrap elementor-element-populated\">\n\t\t\t\t\t\t<div class=\"elementor-element elementor-element-742bb0a4 elementor-widget elementor-widget-florya-testimonials\" data-id=\"742bb0a4\" data-element_type=\"widget\" data-widget_type=\"florya-testimonials.default\">\n\t\t\t\t<div class=\"elementor-widget-container\">\n\t\t\t\n\t\t<div class=\"sec-testimonials testimonials\">\n\t\t\t<div class=\"testimonials-box text-center\">\n\t\t\t\t<div class=\"owl-carousel owl-theme\" data-testimonials-autoplay=\"true\" data-testimonials-timeout=\"5000\" data-testimonials-speed=\"500\"  data-testimonials-dots=\"false\" data-testimonials-nav=\"false\">\n\t\t\t\t\t\t\t\t\t\t<div class=\"item\"> \n\t\t\t\t\t\t \n\t\t\t\t\t\t<span><i class=\"star-rating\"><\/i><i class=\"star-rating\"><\/i><i class=\"star-rating\"><\/i><i class=\"star-rating\"><\/i><i class=\"star-rating\"><\/i><\/span>\t\t\t\t\t\t\n\t\t\t\t\t\t\t\t\t\t\t\n\t\t\t\t\t\t<h5 class=\"fl-testimonial-title2-class\">\u00c9s el dia m\u00e9s important de la teva vida i no el pot immortalitzar qualsevol. Andrea i Rafa va ser la millor elecci\u00f3\nde les noces ja que a trav\u00e9s dels seus ulls avui tenim meravellosos records. Centenars de fotos precioses\ngr\u00e0cies a que van saber estar en el lloc correcte en el moment adequat. I gaireb\u00e9 el m\u00e9s important dir que\nvan ser molt discrets i molt amables, alguna cosa que pel que he escoltat, no es pot dir de tots els\nfot\u00f2grafs. Al final no deixen de ser desconeguts que estan en moments molt \u00edntims i em va semblar\nimportant\u00edssim. Gr\u00e0cies per tot nois.<\/h5> \n\t\t\t\t\t\t\t\t\t\t\t\t<div class=\"info\">\n\t\t\t\t\t\t\t<div class=\"cont\">                                \n\t\t\t\t\t\t\t   <h6 class=\"fl-testimonial-title1-class\">IRENE &amp; ALBERTO <\/h6> \t\n\t\t\t\t\t\t\t<\/div>\n\t\t\t\t\t\t<\/div>\n\t\t\t\t\t\t\t\n\t\t\t\t\t<\/div>\t\n\t\t\t\t\t\t\t\t\t<\/div>\t\t\n\t\t\t<\/div>\t\t\n\t\t<\/div>\t\t\t\n\n        \t\t<\/div>\n\t\t\t\t<\/div>\n\t\t\t\t\t<\/div>\n\t\t<\/div>\n\t\t\t\t<div class=\"elementor-column elementor-col-33 elementor-inner-column elementor-element elementor-element-4b1debfd\" data-id=\"4b1debfd\" data-element_type=\"column\">\n\t\t\t<div class=\"elementor-widget-wrap\">\n\t\t\t\t\t\t\t<\/div>\n\t\t<\/div>\n\t\t\t\t\t<\/div>\n\t\t<\/div>\n\t\t\t\t\t<\/div>\n\t\t<\/div>\n\t\t\t\t\t<\/div>\n\t\t<\/section>\n\t\t\t\t<\/div>","protected":false},"excerpt":{"rendered":"<p>Andrea silvan Portfolio sesiones Capturando momentos llenos de amor que perduran toda una vida. V &#038; J Embarazo Embarazo Virginia &#038; Juan Ver m\u00e1s A &#038; R Embarazo Embarazo Alba &#038; Ra\u00fal A &#038; R Pregnancy Embarazo Alba &#038; Ra\u00fal I &#038; D Llerona Ingrid &#038; David A&#038;N&hellip; Ver m\u00e1s Es el d\u00eda m\u00e1s importante de tu vida y no<\/p>","protected":false},"author":1,"featured_media":0,"parent":0,"menu_order":0,"comment_status":"closed","ping_status":"closed","template":"","meta":{"footnotes":""},"class_list":["post-1541","page","type-page","status-publish","hentry"],"_links":{"self":[{"href":"https:\/\/andreasilvan.com\/ca\/wp-json\/wp\/v2\/pages\/1541","targetHints":{"allow":["GET"]}}],"collection":[{"href":"https:\/\/andreasilvan.com\/ca\/wp-json\/wp\/v2\/pages"}],"about":[{"href":"https:\/\/andreasilvan.com\/ca\/wp-json\/wp\/v2\/types\/page"}],"author":[{"embeddable":true,"href":"https:\/\/andreasilvan.com\/ca\/wp-json\/wp\/v2\/users\/1"}],"replies":[{"embeddable":true,"href":"https:\/\/andreasilvan.com\/ca\/wp-json\/wp\/v2\/comments?post=1541"}],"version-history":[{"count":5,"href":"https:\/\/andreasilvan.com\/ca\/wp-json\/wp\/v2\/pages\/1541\/revisions"}],"predecessor-version":[{"id":1827,"href":"https:\/\/andreasilvan.com\/ca\/wp-json\/wp\/v2\/pages\/1541\/revisions\/1827"}],"wp:attachment":[{"href":"https:\/\/andreasilvan.com\/ca\/wp-json\/wp\/v2\/media?parent=1541"}],"curies":[{"name":"wp","href":"https:\/\/api.w.org\/{rel}","templated":true}]}}