{"id":250,"date":"2022-11-13T15:25:09","date_gmt":"2022-11-13T15:25:09","guid":{"rendered":"https:\/\/webredox.net\/demo\/wp\/florya\/?page_id=250"},"modified":"2024-07-02T11:57:05","modified_gmt":"2024-07-02T11:57:05","slug":"about-2","status":"publish","type":"page","link":"https:\/\/andreasilvan.com\/ca\/about-2\/","title":{"rendered":"Sobre mi"},"content":{"rendered":"<div data-elementor-type=\"wp-page\" data-elementor-id=\"250\" class=\"elementor elementor-250\">\n\t\t\t\t\t\t<section class=\"elementor-section elementor-top-section elementor-element elementor-element-31580b17 elementor-section-full_width elementor-section-height-default elementor-section-height-default\" data-id=\"31580b17\" data-element_type=\"section\">\n\t\t\t\t\t\t<div class=\"elementor-container elementor-column-gap-no\">\n\t\t\t\t\t<div class=\"elementor-column elementor-col-100 elementor-top-column elementor-element elementor-element-2d0f2fcc\" data-id=\"2d0f2fcc\" data-element_type=\"column\">\n\t\t\t<div class=\"elementor-widget-wrap\">\n\t\t\t\t\t\t\t<\/div>\n\t\t<\/div>\n\t\t\t\t\t<\/div>\n\t\t<\/section>\n\t\t\t\t<section class=\"elementor-section elementor-top-section elementor-element elementor-element-760e745 elementor-section-boxed elementor-section-height-default elementor-section-height-default\" data-id=\"760e745\" data-element_type=\"section\" id=\"about\">\n\t\t\t\t\t\t<div class=\"elementor-container elementor-column-gap-default\">\n\t\t\t\t\t<div class=\"elementor-column elementor-col-100 elementor-top-column elementor-element elementor-element-1c5bde98\" data-id=\"1c5bde98\" data-element_type=\"column\">\n\t\t\t<div class=\"elementor-widget-wrap elementor-element-populated\">\n\t\t\t\t\t\t<div class=\"elementor-section elementor-inner-section elementor-element elementor-element-54cdc2cb elementor-section-boxed elementor-section-height-default elementor-section-height-default\" data-id=\"54cdc2cb\" data-element_type=\"section\">\n\t\t\t\t\t\t<div class=\"elementor-container elementor-column-gap-default\">\n\t\t\t\t\t<div class=\"elementor-column elementor-col-33 elementor-inner-column elementor-element elementor-element-18c81fd0\" data-id=\"18c81fd0\" data-element_type=\"column\">\n\t\t\t<div class=\"elementor-widget-wrap elementor-element-populated\">\n\t\t\t\t\t\t<div class=\"elementor-element elementor-element-4bb0f82f elementor-widget elementor-widget-florya-title\" data-id=\"4bb0f82f\" data-element_type=\"widget\" data-widget_type=\"florya-title.default\">\n\t\t\t\t<div class=\"elementor-widget-container\">\n\t\t\t\t\t\n\t\t\t\n\t\t\t<div class=\"section-subtitle black text-left\">amant dels gats, la musica i el cafe\n<\/div>\t\t\t\t\n\t\t\t<div class=\"section-title black text-left\">Qui \u00e9s darrere de la c\u00e0mera?<\/div>\t\t\t\t\n\t\t\t\t\n        \n\t\t\t\n        \t\t<\/div>\n\t\t\t\t<\/div>\n\t\t\t\t<div class=\"elementor-element elementor-element-cda1354 elementor-widget elementor-widget-florya-title\" data-id=\"cda1354\" data-element_type=\"widget\" data-widget_type=\"florya-title.default\">\n\t\t\t\t<div class=\"elementor-widget-container\">\n\t\t\t\t\t\n\t\t\t\t\n\t\t\t<div class=\"sec-title team\">\n\t\t\t\t<div class=\"content\">\n\t\t\t\t\t<div class=\"cont text-left\">\t\t\n\t\t\t\t\t\t<h4 class=\"text-left\"><span class=\"text-color-red\"> Hola! Soc Andrea,\n\n<\/span> <\/h4>\t\t\t\t\t\t\n\t\t\t\t\t\t<div class=\"section-text\"><p><p class=\"font_8 wixui-rich-text__text\">i la meva passi\u00f3 \u00e9s capturar moments inoblidables a trav\u00e9s de la meva cambra. Sempre he sentit una fascinaci\u00f3 per la fotografia. Record clarament l'emoci\u00f3 que vaig sentir quan em vaig comprar la meva primera cambra, era com si hagu\u00e9s descobert un m\u00f3n nou ple de possibilitats infinites.<br \/><br \/>La meva aventura en el m\u00f3n de la fotografia va comen\u00e7ar a les sales de concert de Madrid. M'encantava immortalitzar l'energia i l'emoci\u00f3 que se sentia en cada actuaci\u00f3 per\u00f2, sobretot, la que sentien els m\u00fasics en camerinos abans de sortir a l'escenari. I on trobem moltes emocions? En les bodas. En la mirada del pare en veure a la seva filla amb el vestit posat. En els nervis de la n\u00favia mentre la maquillen i pentinen. A les mans<br \/>tremoloses del nuvi que no aconsegueix fer-se b\u00e9 el nus de la corbata. Als s\u00ed que vull que s\u00f3n per sempre.<\/p><\/p><\/div>\t\t\t\t\t<\/div>\n\t\t\t\t<\/div>\t\t\t\t\t\t\n\t\t\t<\/div>\t\n\t\t\n\t\t\t\n        \t\t<\/div>\n\t\t\t\t<\/div>\n\t\t\t\t\t<\/div>\n\t\t<\/div>\n\t\t\t\t<div class=\"elementor-column elementor-col-33 elementor-inner-column elementor-element elementor-element-719d5fc7\" data-id=\"719d5fc7\" data-element_type=\"column\">\n\t\t\t<div class=\"elementor-widget-wrap\">\n\t\t\t\t\t\t\t<\/div>\n\t\t<\/div>\n\t\t\t\t<div class=\"elementor-column elementor-col-33 elementor-inner-column elementor-element elementor-element-ea8fd44\" data-id=\"ea8fd44\" data-element_type=\"column\">\n\t\t\t<div class=\"elementor-widget-wrap elementor-element-populated\">\n\t\t\t\t\t\t<div class=\"elementor-element elementor-element-57365165 elementor-widget elementor-widget-florya-image\" data-id=\"57365165\" data-element_type=\"widget\" data-widget_type=\"florya-image.default\">\n\t\t\t\t<div class=\"elementor-widget-container\">\n\t\t\t\t\t\n\t\t\t\t\n\n\t\t\t<div class=\"sec-image about2\">\n\t\t\t\t<div class=\"img-exp\">\n\t\t\t\t\t<div class=\"about-img\">\n\t\t\t\t\t\t\t\t\t\t\t\n\t\t\t\t\t\t<div class=\"img\"> <img decoding=\"async\" src=\"https:\/\/andreasilvan.com\/wp-content\/uploads\/2024\/03\/EL3C5102-Editar-2_edited-2.webp\" class=\"img-fluid\" alt=\"\"> <\/div>\n\t\t\t\t\t\t\t\n\t\t\t\t\t<\/div>\n\t\t\t\t\t\t\t\t\t\t<div id=\"circle\">\n\t\t\t\t\t\t<svg version=\"1.1\" xmlns=\"http:\/\/www.w3.org\/2000\/svg\" xmlns:xlink=\"http:\/\/www.w3.org\/1999\/xlink\" x=\"0px\" y=\"0px\" width=\"300px\" height=\"300px\" viewbox=\"0 0 300 300\" enable-background=\"new 0 0 300 300\" xml:space=\"preserve\">\n\t\t\t\t\t\t\t<defs>\n\t\t\t\t\t\t\t\t<path id=\"circlePath\" d=\" M 150, 150 m -60, 0 a 60,60 0 0,1 120,0 a 60,60 0 0,1 -120,0 \" \/>\n\t\t\t\t\t\t\t<\/defs>\n\t\t\t\t\t\t\t<circle cx=\"150\" cy=\"100\" r=\"75\" fill=\"none\" \/>\n\t\t\t\t\t\t\t<g>\n\t\t\t\t\t\t\t\t<use xlink:href=\"#circlePath\" fill=\"none\" \/>\n\t\t\t\t\t\t\t\t<text fill=\"#575c57\">\n\t\t\t\t\t\t\t\t\t<textpath xlink:href=\"#circlePath\"> . andrea silvan . fot\u00f3grafa de bodas  <\/textpath>\n\t\t\t\t\t\t\t\t<\/text>\n\t\t\t\t\t\t\t<\/g>\n\t\t\t\t\t\t<\/svg>\n\t\t\t\t\t<\/div>\n\t\t\t\t\t\t\t\t\t<\/div>\t\t\n\t\t\t<\/div>\t\t\n\n\t    \t\t\t\n\t\t\n\t\t\t\n        \t\t<\/div>\n\t\t\t\t<\/div>\n\t\t\t\t\t<\/div>\n\t\t<\/div>\n\t\t\t\t\t<\/div>\n\t\t<\/div>\n\t\t\t\t<div class=\"elementor-section elementor-inner-section elementor-element elementor-element-88537a6 elementor-section-boxed elementor-section-height-default elementor-section-height-default\" data-id=\"88537a6\" data-element_type=\"section\">\n\t\t\t\t\t\t<div class=\"elementor-container elementor-column-gap-default\">\n\t\t\t\t\t<div class=\"elementor-column elementor-col-33 elementor-inner-column elementor-element elementor-element-fa346f5\" data-id=\"fa346f5\" data-element_type=\"column\">\n\t\t\t<div class=\"elementor-widget-wrap elementor-element-populated\">\n\t\t\t\t\t\t<div class=\"elementor-element elementor-element-f260221 elementor-widget elementor-widget-florya-image\" data-id=\"f260221\" data-element_type=\"widget\" data-widget_type=\"florya-image.default\">\n\t\t\t\t<div class=\"elementor-widget-container\">\n\t\t\t\t\t\n\t\t\t\t\n\t\t\t<div class=\"sec-img team\">\n\t\t\t\t<div class=\"img\">\n\t\t\t\t\t\t\t\t\n\t\t\t\t\t<img decoding=\"async\" src=\"https:\/\/andreasilvan.com\/wp-content\/uploads\/2024\/04\/FOTO-CONTACTO.jpg\" alt=\"\"> \n\t\t\t\t\t\t\n\t\t\t\t<\/div>\t\n\t\t\t<\/div>\t\n\t\t\t\n\t\t\t\t\t\n\t\t\n\t\t\t\n        \t\t<\/div>\n\t\t\t\t<\/div>\n\t\t\t\t\t<\/div>\n\t\t<\/div>\n\t\t\t\t<div class=\"elementor-column elementor-col-33 elementor-inner-column elementor-element elementor-element-a2f5a70\" data-id=\"a2f5a70\" data-element_type=\"column\">\n\t\t\t<div class=\"elementor-widget-wrap\">\n\t\t\t\t\t\t\t<\/div>\n\t\t<\/div>\n\t\t\t\t<div class=\"elementor-column elementor-col-33 elementor-inner-column elementor-element elementor-element-5bd3813\" data-id=\"5bd3813\" data-element_type=\"column\">\n\t\t\t<div class=\"elementor-widget-wrap elementor-element-populated\">\n\t\t\t\t\t\t<div class=\"elementor-element elementor-element-4694146 elementor-widget elementor-widget-florya-title\" data-id=\"4694146\" data-element_type=\"widget\" data-widget_type=\"florya-title.default\">\n\t\t\t\t<div class=\"elementor-widget-container\">\n\t\t\t\t\t\n\t\t\t\n\t\t\t\t\t\t\t\n\t\t\t<div class=\"section-title black text-left\">Amb el temps, em vaig venir a<\/div>\t\t\t\t\n\t\t\t\t\n        \n\t\t\t\n        \t\t<\/div>\n\t\t\t\t<\/div>\n\t\t\t\t<div class=\"elementor-element elementor-element-60fc11b elementor-widget elementor-widget-florya-title\" data-id=\"60fc11b\" data-element_type=\"widget\" data-widget_type=\"florya-title.default\">\n\t\t\t\t<div class=\"elementor-widget-container\">\n\t\t\t\t\t\n\t\t\t\t\n\t\t\t<div class=\"sec-title team\">\n\t\t\t\t<div class=\"content\">\n\t\t\t\t\t<div class=\"cont text-left\">\t\t\n\t\t\t\t\t\t<h4 class=\"text-left\">viure a <span class=\"text-color-red\"> Barcelona\n\n<\/span> <\/h4>\t\t\t\t\t\t\n\t\t\t\t\t\t<div class=\"section-text\"><p><p class=\"font_8 wixui-rich-text__text\">i em vaig especialitzar en fotografia de bodas, embarassos, beb\u00e8s i fam\u00edlies. Cada sessi\u00f3 \u00e9s una oportunitat per a mi de contar una hist\u00f2ria a trav\u00e9s de les meves fotografies, de capturar l'ess\u00e8ncia i la bellesa de cada moment.<br \/><br \/>Em sento  profundament agra\u00efda de poder formar part de moments tan especials en la vida de les persones, i de<br \/>ser l'encarregada de guardar per sempre aquests records que perduraran al llarg del temps.<br \/><br \/>Quan no estic darrere de la c\u00e0mera, m'encanta submergir-me en les p\u00e0gines d'un bon llibre mentre gaudeixo d'una tassa fumejant de caf\u00e8 al costat de les meves dues gates, les meves companyes fidels<br \/>que sempre estan al meu costat, fins i tot quan estic editant fotos fins a altes hores de la nit.<br \/><br \/>Cada dia m'aixeco amb l'emoci\u00f3 de poder continuar fent el que amo, de poder continuar contant hist\u00f2ries a trav\u00e9s de les meves fotografies. Perqu\u00e8 per a mi, la fotografia no \u00e9s nom\u00e9s una<br \/>professi\u00f3, \u00e9s una forma de vida, una manera d'expressar tot all\u00f2 que no es pot dir amb paraules.<\/p><\/p><\/div>\t\t\t\t\t<\/div>\n\t\t\t\t<\/div>\t\t\t\t\t\t\n\t\t\t<\/div>\t\n\t\t\n\t\t\t\n        \t\t<\/div>\n\t\t\t\t<\/div>\n\t\t\t\t\t<\/div>\n\t\t<\/div>\n\t\t\t\t\t<\/div>\n\t\t<\/div>\n\t\t\t\t\t<\/div>\n\t\t<\/div>\n\t\t\t\t\t<\/div>\n\t\t<\/section>\n\t\t\t\t<\/div>","protected":false},"excerpt":{"rendered":"<p>amante de los gatos, la musica y el cafe \u00bfQui\u00e9n est\u00e1 detr\u00e1s de la c\u00e1mara? \u00a1Hola! Soy Andrea, y mi pasi\u00f3n es capturar momentos inolvidables a trav\u00e9s de mi c\u00e1mara. Siempre he sentido una fascinaci\u00f3n por la fotograf\u00eda. Recuerdo claramente la emoci\u00f3n que sent\u00ed cuando me compr\u00e9 mi primera c\u00e1mara, era como si hubiera descubierto un mundo nuevo lleno de<\/p>","protected":false},"author":1,"featured_media":0,"parent":0,"menu_order":0,"comment_status":"closed","ping_status":"closed","template":"","meta":{"footnotes":""},"class_list":["post-250","page","type-page","status-publish","hentry"],"_links":{"self":[{"href":"https:\/\/andreasilvan.com\/ca\/wp-json\/wp\/v2\/pages\/250","targetHints":{"allow":["GET"]}}],"collection":[{"href":"https:\/\/andreasilvan.com\/ca\/wp-json\/wp\/v2\/pages"}],"about":[{"href":"https:\/\/andreasilvan.com\/ca\/wp-json\/wp\/v2\/types\/page"}],"author":[{"embeddable":true,"href":"https:\/\/andreasilvan.com\/ca\/wp-json\/wp\/v2\/users\/1"}],"replies":[{"embeddable":true,"href":"https:\/\/andreasilvan.com\/ca\/wp-json\/wp\/v2\/comments?post=250"}],"version-history":[{"count":14,"href":"https:\/\/andreasilvan.com\/ca\/wp-json\/wp\/v2\/pages\/250\/revisions"}],"predecessor-version":[{"id":1762,"href":"https:\/\/andreasilvan.com\/ca\/wp-json\/wp\/v2\/pages\/250\/revisions\/1762"}],"wp:attachment":[{"href":"https:\/\/andreasilvan.com\/ca\/wp-json\/wp\/v2\/media?parent=250"}],"curies":[{"name":"wp","href":"https:\/\/api.w.org\/{rel}","templated":true}]}}